{"id":897,"date":"2024-03-15T11:20:34","date_gmt":"2024-03-15T11:20:34","guid":{"rendered":"https:\/\/hotel-biser.com\/2018\/?page_id=897"},"modified":"2024-03-15T11:20:34","modified_gmt":"2024-03-15T11:20:34","slug":"prijevoz","status":"publish","type":"page","link":"https:\/\/hotel-biser.com\/2018\/prijevoz\/","title":{"rendered":"PRIJEVOZ"},"content":{"rendered":"\n<p>Ako ne \u017eelite koristiti vlastiti automobil, mi Vam nudimo sljede\u0107e usluge prijevoza:<\/p>\n\n\n\n<figure class=\"wp-block-table is-style-regular\"><table class=\"has-black-color has-white-background-color has-text-color has-background has-link-color has-fixed-layout\"><tbody><tr><td>Odredi\u0161te<\/td><td>1 &#8211; 4 osobe<\/td><td>4 &#8211; 8 osoba<\/td><\/tr><tr><td>Zra\u010dna luka &#8211; hotel<br>Hotel &#8211; zra\u010dna luka<\/td><td>75\u20ac<\/td><td>95\u20ac<\/td><\/tr><tr><td>Hotel &#8211; Zr\u0107e<br>Zr\u0107e &#8211; hotel<\/td><td>40\u20ac<\/td><td>50\u20ac<\/td><\/tr><tr><td>Hotel &#8211; centar<br>Centar &#8211; hotel<\/td><td>8\u20ac<\/td><td>13\u20ac<\/td><\/tr><\/tbody><\/table><\/figure>\n","protected":false},"excerpt":{"rendered":"<p>Ako ne \u017eelite koristiti vlastiti automobil, mi Vam nudimo sljede\u0107e usluge prijevoza: Odredi\u0161te 1 &#8211; 4 osobe 4 &#8211; 8 osoba Zra\u010dna luka &#8211; hotelHotel &#8211; zra\u010dna luka 75\u20ac 95\u20ac Hotel &#8211; Zr\u0107eZr\u0107e &#8211; hotel 40\u20ac 50\u20ac Hotel &#8211; centarCentar &#8211; hotel 8\u20ac 13\u20ac<\/p>\n","protected":false},"author":1,"featured_media":0,"parent":0,"menu_order":0,"comment_status":"closed","ping_status":"closed","template":"","meta":{"footnotes":""},"_links":{"self":[{"href":"https:\/\/hotel-biser.com\/2018\/wp-json\/wp\/v2\/pages\/897"}],"collection":[{"href":"https:\/\/hotel-biser.com\/2018\/wp-json\/wp\/v2\/pages"}],"about":[{"href":"https:\/\/hotel-biser.com\/2018\/wp-json\/wp\/v2\/types\/page"}],"author":[{"embeddable":true,"href":"https:\/\/hotel-biser.com\/2018\/wp-json\/wp\/v2\/users\/1"}],"replies":[{"embeddable":true,"href":"https:\/\/hotel-biser.com\/2018\/wp-json\/wp\/v2\/comments?post=897"}],"version-history":[{"count":1,"href":"https:\/\/hotel-biser.com\/2018\/wp-json\/wp\/v2\/pages\/897\/revisions"}],"predecessor-version":[{"id":900,"href":"https:\/\/hotel-biser.com\/2018\/wp-json\/wp\/v2\/pages\/897\/revisions\/900"}],"wp:attachment":[{"href":"https:\/\/hotel-biser.com\/2018\/wp-json\/wp\/v2\/media?parent=897"}],"curies":[{"name":"wp","href":"https:\/\/api.w.org\/{rel}","templated":true}]}}